{"id":20,"date":"2013-05-03T18:21:31","date_gmt":"2013-05-03T16:21:31","guid":{"rendered":"https:\/\/kotschi.eu\/?page_id=20"},"modified":"2014-04-25T03:39:49","modified_gmt":"2014-04-25T01:39:49","slug":"publikationen","status":"publish","type":"page","link":"https:\/\/kotschi.eu\/en\/publications\/","title":{"rendered":"Publications"},"content":{"rendered":"<p><a href=\"https:\/\/kotschi.eu\/wp-content\/uploads\/2013\/05\/pusteblume.jpg\"><img loading=\"lazy\" class=\"alignright size-large wp-image-114\" alt=\"pusteblume\" src=\"https:\/\/kotschi.eu\/wp-content\/uploads\/2013\/05\/pusteblume-723x1024.jpg\" width=\"319\" height=\"451\" \/><\/a><\/p>\n<ul>\n<li><em>Kotschi, J. (2013): A soiled reputation: Adverse impacts of mineral fertilizers in tropical agriculture. Heinrich B\u00f6ll Stiftung and WWF Germany. Berlin.\u00a0<a href=\"https:\/\/kotschi.eu\/wp-content\/uploads\/2014\/02\/kotschi_fertilizer_study_english.pdf\">Link<\/a><\/em><\/li>\n<li><em>Kotschi, J. (2013): Bodenlos &#8211; Negative Auswirkungen von Minerald\u00fcngern in der tropischen Landwirtschaft.\u00a0Heinrich B\u00f6ll Foundation and WWF Germany. Berlin.\u00a0<a href=\"https:\/\/kotschi.eu\/wp-content\/uploads\/2014\/02\/Kotschi_Mineralduenger_DE.pdf\">Link<\/a><\/em><\/li>\n<li><em>Kotschi, J. und G. Kaiser (2012): Open-So<\/em><i>urce f\u00fcr Saatgut \u2013 Diskussionspapier (Open source for seeds: Discussion paper).. AGRECOL. Oktober 2012. G\u00f6ttingen. <a href=\"https:\/\/kotschi.eu\/wp-content\/uploads\/2014\/02\/OpenSource-Studie-KotschiKaiser.pdf\">Link<\/a><\/i><i><a href=\"https:\/\/www.dropbox.com\/s\/et72c8rgvm4fqsq\/OpenSource%20Studie%20Kotschi%26Kaiser.pdf\"><br \/>\n<\/a><\/i><i><\/i><\/li>\n<li><i>Kotschi, J. and A. von Lossau (2011): Agrobiodiversity \u2013 the key to food securit<\/i><em>y and adaptation to climate change. GIZ, August 2011. Eschborn. <a href=\"https:\/\/kotschi.eu\/wp-content\/uploads\/2014\/02\/KotschiLossau-engl-2011.pdf\">Link<\/a><a href=\"https:\/\/www.giz.de\/Themen\/en\/dokumente\/giz2011-en-agrobiodiv-food-security-climate-change.pdf\"><br \/>\n<\/a><\/em><i><\/i><\/li>\n<li><i>Kotschi, J. and A. von Lossau (2011): Agrobiodiversit\u00e4t \u2013 Schl\u00fcssel f\u00fcr Ern\u00e4hrungssicherung und Anpassung an Klimawandel. Ein Diskussionspapier. GIZ, August 2011. Eschborn. <a href=\"https:\/\/www2.gtz.de\/dokumente\/bib-2011\/giz2011-0081de-ernaehrungssicherung-klimawandel.pdf\">Link<\/a><\/i><i><a href=\"https:\/\/www.giz.de\/Themen\/en\/dokumente\/giz2011-de-agrobiodiv-ernaehrungsicherung-klimawandel.pdf\"><br \/>\n<\/a><\/i><i><\/i><\/li>\n<li><i>Kotschi, J. (2011): Less Hunger through more ecology. What can organic farming research contribute? <\/i><i>Heinrich B\u00f6ll Stiftung, November 2011. Berlin.\u00a0<a href=\"https:\/\/kotschi.eu\/wp-content\/uploads\/2014\/02\/Kotschi-HBS-2011-final1.pdf\">Link<\/a><\/i><a href=\"https:\/\/www.boell.de\/downloads\/Less-hunger-through-more-ecology.pdf\"><i><br \/>\n<\/i><\/a><\/li>\n<li><i>Kotschi, J. (2010): Beitrag der \u00d6kologischen Landwirtschaft zur Weltern\u00e4hrung. Gutachten an den Deutschen Bundestag. Vorgelegt dem B\u00fcro f\u00fcr Technikfolgeabsch\u00e4tzung beim Deutschen Bundestag. <\/i><i>AGRECOL Januar 2010, Marburg.\u00a0<a href=\"https:\/\/kotschi.eu\/wp-content\/uploads\/2014\/02\/kotschi_tab_gutachten_2010.pdf\">Link<\/a><\/i><\/li>\n<li><i>Kotschi, J. (2010): Reconciling Agriculture with Biodiversity and Innovations in Plant Breeding. GAIA 19\/1: 20-24. <a href=\"https:\/\/kotschi.eu\/wp-content\/uploads\/2014\/02\/Kotschi-GAIA-2010.pdf\">Link<\/a><a href=\"https:\/\/www.agrecol.de\/images\/stories\/Reconcile%20Agriculture%20with%20Biodiversity.pdf\"><i><br \/>\n<\/i><\/a><\/i><\/li>\n<li><i>Kotschi, J. (2008): Transgenic Crops and Their Impact on Biodiversity. GAIA 17\/1: 36-41. <a href=\"https:\/\/kotschi.eu\/wp-content\/uploads\/2014\/02\/Kotschi-GAIA-2008.pdf\">Link<\/a><\/i><a href=\"https:\/\/www.agrecol.de\/images\/stories\/kotschi_transgenic-cropstheir-impact-on-biodiversity-gaia2008.pdf\"><i><br \/>\n<\/i><\/a><\/li>\n<li><i>Kotschi, J. (2007): Agricultural Biodiversity is Essential for Adapting to Climate Change. GAIA 16\/2: 98-101. <\/i><a href=\"https:\/\/www.agrecol.de\/images\/stories\/kotschi_agricultural-biodiversity-adapting-to-climate-change-gaia2007.pdf\"><i>Link<\/i><\/a><\/li>\n<li><i>Fl\u00f6rchinger, F., A. Bernd, T. Becker, B. Schrimpf and J. Kotschi (2010): Local marketing of organic products in developing countries. Second revised edition 2010. AGRECOL G\u00f6ttingen. <a href=\"https:\/\/www.agrecol.de\/?q=node\/60\"><br \/>\n<\/a><\/i><\/li>\n<li><i>Kon\u00e9, S. et J Kotschi (2006): Agriculture Durable au D\u00e9partement d\u2019Abengourou \u00a0Cote d\u2019Ivoire<i>&#8211; une collection des Fiches Technico Economiques<\/i>. <\/i><i>GTZ. Abidjan.\u00a0<a href=\"https:\/\/kotschi.eu\/wp-content\/uploads\/2014\/02\/Broschuere_Fiches_Web.pdf\">Link<\/a><\/i><\/li>\n<li><em>Kotschi, J. (2005): \u00dcberregulierung im \u00d6kolandbau &#8211; Eine Herausforderung f\u00fcr die Biobewegung. \u00d6kologie und Landbau, 133\/1. 27-39.\u00a0<a href=\"https:\/\/kotschi.eu\/wp-content\/uploads\/2014\/02\/\u00d6L-Artikel-Kotschi.pdf\">Link<\/a><\/em><a href=\"https:\/\/kotschi.eu\/wp-content\/uploads\/2014\/02\/\u00d6L-Artikel-Kotschi.doc\"><br \/>\n<\/a><\/li>\n<li><i>Kotschi, J., W. Bayer, T. Becker und B. Schrimpf (2003): AlterOrganic \u2013 Local Agendas for Organic Agriculture in Rural Development. Proceedings of an International Workshop at Bonn-K\u00f6nigswinter, October 2002. Marburg. <\/i><a href=\"ftp:\/\/ftp.fao.org\/paia\/organicag\/alterorganic.pdf\"><i>Link<\/i><\/a><\/li>\n<li><em>Kotschi, J. (2004): Mehr \u00d6kologie &#8211; weniger Hunger? Ern\u00e4hrungssicherung und \u00f6kologische Landwirtschaft. Politische \u00d6kologie 90. 59-61.\u00a0<a href=\"https:\/\/kotschi.eu\/wp-content\/uploads\/2014\/02\/HungerEcol-2004.pdf\">Link<\/a><\/em><\/li>\n<li><i>Kotschi, J. (2000): Poverty Alleviation in the South &#8211; can Organic Farming help? In: Alfoeldi, T., W. Lockeretz and U. Niggli (ed.)(2000): Proceedings of the 13th International IFOAM Scientific Conference. 28 to 31 August 2000. Basel. IFOAM\/FIBL. 652-655.<\/i><\/li>\n<li><i>Pietrowicz, P., J. Kotschi und I. Neumann (1998): Agriculture Ecologique au Rwanda. Recherche et developpement dans le Projet Agro-Pastoral de Nyabisindu. <\/i><i>Weikersheim. <a href=\"https:\/\/agriwaterpedia.info\/wiki\/Agriculture_\u00e9cologique_et_d\u00e9veloppement_agricole\">Link<\/a><\/i><\/li>\n<li><i>M\u00fcller-S\u00e4mann, K.M. und J. Kotschi (1994): Sustaining growth: soil fertility manage\u00adment in tropical smallholdings. Margraf Verlag, Weikersheim. 498 p. <a href=\"https:\/\/agriwaterpedia.info\/wiki\/Sustaining_Growth\">Link<\/a><\/i><\/li>\n<li><i>Kotschi, J., G. Weinschenck, R. Werner (1991): \u00d6konomische Bewertungskriterien f\u00fcr die Beurteilung von Beratungsvorhaben zur standortgerechten Landnutzung in b\u00e4uerlichen Familienbetrieben. Forschungsberichte des Bundesministeriums f\u00fcr wirtschaftliche Zusammenarbeit, Band 99. K\u00f6ln. 353 S. <\/i><i><a href=\"https:\/\/agriwaterpedia.info\/wiki\/\u00d6konomische_Bewertungskriterien_f\u00fcr_die_Beurteilung_von_Beratungsvorhaben_zur_standortgerechten_Landnutzung_in_b\u00e4uerlichen_Familienbetrieben\">Link<\/a><\/i><\/li>\n<li><i>Pietrowicz, P., J. Kotschi und I. Neumann (1998): Agriculture Ecologique au Rwanda. Recherche et d\u00e9veloppement dans le Projet Agro-Pastoral de Nyabisindu. <\/i><i>Weikersheim.<\/i><\/li>\n<li><i>Kotschi, J., I. Neumann, P. Pietrowicz &#038; J. Haas (1991): Standortgerechte Landwirtschaft in Ruanda &#8211; zehn Jahre Forschung und Entwicklung in Nyabisindu. Band 223, Schriftenreihe der GTZ. Eschborn. 174 S. <a href=\"https:\/\/kotschi.eu\/wp-content\/uploads\/2014\/02\/GIZ_Kotschi_J._Neumann_I._et_al_1991_Standortgerechte_Landwirtschaft_in_Ruanda.pdf\">Link<\/a><\/i><i><a href=\"https:\/\/agriwaterpedia.info\/wiki\/File:GIZ,_Kotschi,_J.,_Neumann,_I._et_al_(1991)_Standortgerechte_Landwirtschaft_in_Ruanda.pdf\"><br \/>\n<\/a><\/i><\/li>\n<li><i>Kotschi, J. and K. M\u00fcller-S\u00e4mann (2004): The role of Organic Agriculture in Mitigating Climate Change \u2013 a Scoping Study. <\/i><i>IFOAM. Bonn. 58 p. <a title=\"Role of organic agriculture in mitigating climate change\" href=\"https:\/\/www.ifoam.org\/en\/role-organic-agriculture-mitigating-climate-change\">Link<\/a><\/i><\/li>\n<li><i>Kotschi, J. (Editor) (1990): Ecofarming practices for tropical small\u00adhol\u00addings. <\/i><i>Weikersheim. 185 p. <\/i><a href=\"https:\/\/agriwaterpedia.info\/wiki\/Ecofarming_Practices_for_tropical_smallholdings\">Link<\/a><\/li>\n<li><i>Kotschi, J., A. Waters-Bayer, R. Adelhelm, U. Hoesle (1989): Ecofar\u00adming in agricultural development. <\/i><i>Weikersheim. 132p. <\/i><i><a href=\"https:\/\/agriwaterpedia.info\/wiki\/Ecofarming_in_Agricultural_Development\">Link<\/a><\/i><\/li>\n<li><i>Kotschi, J. (Hrsg.) <\/i><i>(1988): Vers la maitrise de la desertification dans les terres seches d&#8217;Afrique. <\/i><i>Probl\u00e8mes, experiences, lignes di\u00adrectrices. CEC, BMZ und GTZ, Eschborn. 241 p. (\u00dcbersetzung von Kot\u00adschi 1986)<\/i><\/li>\n<li><i>Kotschi, J. (Hrsg.) <\/i><i>(1986): Towards Control of Desertification in African Drylands &#8211; Problems, Experiences, Guidelines. <\/i><i>CEC, BMZ und GTZ, Eschborn. <\/i><i>241 p.<\/i><\/li>\n<li><i>Adelhelm, R. und J. Kotschi (1986): Environmental Protection and Su\u00adstaina\u00adble Land Use: Implications for Technical Cooperation in the Rural Tropics. Quarterly Journal of Interna\u00adtional Agriculture, Vol. 25, No. 2, April-June 1986, pp. 100-111.<\/i><\/li>\n<li><i>Adelhelm, R., U. Hoesle, J. Kotschi, K. M. M\u00fcller-S\u00e4mann (1986): Sta\u00adndortgerechte Landwirtschaft &#8211; Ans\u00e4tze in der Technischen Zusam\u00admenar\u00adbeit. in: Gesellschaft f\u00fcr Wirtschafts- und Sozialwissenschaften des Land\u00adbaues: Bev\u00f6lkerungsent\u00adwicklung, Agrarstruktur und l\u00e4ndlicher Raum. S. 363-376. Landwirtschaftsverlag Hiltrup.<\/i><\/li>\n<li><i>Kotschi, J. (1985): M\u00f6glichkeiten f\u00fcr eine \u00f6kologische Agrarproduk\u00adtion in der Dritten Welt. in H. Vogtmann (Hrsg.): \u00d6kologischer Land\u00adbau &#8211; Landwirt\u00adschaft mit Zukunft. Pro Natur Verlag. Stuttgart.<\/i><\/li>\n<li><i>Kotschi, J. und R. Adelhelm (1984): Standortgerechte Landwirtschaft zur Entwicklung kleinb\u00e4uerlicher Betriebe in den Tropen und Subtro\u00adpen. Deut\u00adsche Gesellschaft f\u00fcr Techn\u00adische Zusammenarbeit. Eschborn. 109 S. und 5 Anh\u00e4nge.<\/i><\/li>\n<li><i>Kotschi, J., J. Pfeiffer und E. Grosser (1983): A model of sustaina\u00adble agriculture. Applied Geography and Development. <\/i><i>Volume 22. 108-127. T\u00fcbin\u00adgen.<\/i><\/li>\n<li><i>Kotschi, J., J. Pfeiffer und E. Grosser (1982): Fachseminar &#8220;Stand\u00adortge\u00adrechter Landbau&#8221;. DSE. Feldafing.<\/i><\/li>\n<li><i>Kotschi, J. (1981): \u00d6kologischer Landbau als ein Instrument landwirtscha\u00adft\u00adlicher Entwick\u00adlung. Entwicklung und l\u00e4ndlicher Raum 5\/81. Fran\u00adkfurt. <\/i><\/li>\n<li><i>Kotschi, J. (1980): Untersuchung zur Wirkung der in der biologisch-dynami\u00adschen Wirt\u00adschaftsweise verwendeten Spritzpr\u00e4parate &#8220;500&#8221; und &#8220;501&#8221; auf landwirtschaftliche Kultur\u00adpflanzen. <\/i><i>Dissertation. Justus Liebig Univer\u00adsit\u00e4t. Gie\u00dfen.<\/i><\/li>\n<li><i>Kotschi, J. (1976): Planting date studies on irrigated winterwheat. Natio\u00adnal Irrigation Research Station. Ministry of Agriculture. Rep. of Zambia.<\/i><\/li>\n<\/ul>\n","protected":false},"excerpt":{"rendered":"<p>Kotschi, J. (2013): A soiled reputation: Adverse impacts of mineral fertilizers in tropical agriculture. Heinrich B\u00f6ll Stiftung and WWF Germany. Berlin.\u00a0Link Kotschi, J. (2013): Bodenlos &#8211; Negative Auswirkungen von Minerald\u00fcngern in der tropischen Landwirtschaft.\u00a0Heinrich B\u00f6ll Foundation and WWF Germany. Berlin.\u00a0Link Kotschi, J. und G. Kaiser (2012): Open-Source f\u00fcr Saatgut \u2013 Diskussionspapier (Open source for seeds: <span class=\"ellipsis\">&hellip;<\/span> <span class=\"more-link-wrap\"><a href=\"https:\/\/kotschi.eu\/en\/publications\/\" class=\"more-link\"><span>Continue Reading<\/span><\/a><\/span><\/p>\n","protected":false},"author":1,"featured_media":0,"parent":0,"menu_order":0,"comment_status":"closed","ping_status":"closed","template":"","meta":[],"_links":{"self":[{"href":"https:\/\/kotschi.eu\/en\/wp-json\/wp\/v2\/pages\/20"}],"collection":[{"href":"https:\/\/kotschi.eu\/en\/wp-json\/wp\/v2\/pages"}],"about":[{"href":"https:\/\/kotschi.eu\/en\/wp-json\/wp\/v2\/types\/page"}],"author":[{"embeddable":true,"href":"https:\/\/kotschi.eu\/en\/wp-json\/wp\/v2\/users\/1"}],"replies":[{"embeddable":true,"href":"https:\/\/kotschi.eu\/en\/wp-json\/wp\/v2\/comments?post=20"}],"version-history":[{"count":29,"href":"https:\/\/kotschi.eu\/en\/wp-json\/wp\/v2\/pages\/20\/revisions"}],"predecessor-version":[{"id":51,"href":"https:\/\/kotschi.eu\/en\/wp-json\/wp\/v2\/pages\/20\/revisions\/51"}],"wp:attachment":[{"href":"https:\/\/kotschi.eu\/en\/wp-json\/wp\/v2\/media?parent=20"}],"curies":[{"name":"wp","href":"https:\/\/api.w.org\/{rel}","templated":true}]}}